{"id":209,"date":"2024-08-22T20:33:36","date_gmt":"2024-08-22T18:33:36","guid":{"rendered":"https:\/\/www.josis-www.de\/qayedcs-Josis\/?page_id=209"},"modified":"2025-06-26T22:31:35","modified_gmt":"2025-06-26T20:31:35","slug":"impressum","status":"publish","type":"page","link":"https:\/\/www.josis-www.de\/qayedcs-Josis\/impressum\/","title":{"rendered":"Impressum"},"content":{"rendered":"\n<div class=\"wp-block-media-text is-stacked-on-mobile is-image-fill\" style=\"grid-template-columns:19% auto\"><figure class=\"wp-block-media-text__media\" style=\"background-image:url(https:\/\/www.josis-www.de\/qayedcs-Josis\/wp-content\/uploads\/2024\/08\/4dc9df56-1707-46ab-9db3-b4ef86c7110e.jpeg);background-position:100% 0%\"><img loading=\"lazy\" decoding=\"async\" width=\"1024\" height=\"1024\" src=\"https:\/\/www.josis-www.de\/qayedcs-Josis\/wp-content\/uploads\/2024\/08\/4dc9df56-1707-46ab-9db3-b4ef86c7110e.jpeg\" alt=\"\" class=\"wp-image-227 size-full\" srcset=\"https:\/\/www.josis-www.de\/qayedcs-Josis\/wp-content\/uploads\/2024\/08\/4dc9df56-1707-46ab-9db3-b4ef86c7110e.jpeg 1024w, https:\/\/www.josis-www.de\/qayedcs-Josis\/wp-content\/uploads\/2024\/08\/4dc9df56-1707-46ab-9db3-b4ef86c7110e-300x300.jpeg 300w, https:\/\/www.josis-www.de\/qayedcs-Josis\/wp-content\/uploads\/2024\/08\/4dc9df56-1707-46ab-9db3-b4ef86c7110e-150x150.jpeg 150w, https:\/\/www.josis-www.de\/qayedcs-Josis\/wp-content\/uploads\/2024\/08\/4dc9df56-1707-46ab-9db3-b4ef86c7110e-768x768.jpeg 768w\" sizes=\"auto, (max-width: 1024px) 100vw, 1024px\" \/><\/figure><div class=\"wp-block-media-text__content\">\n<p class=\"has-text-align-left has-medium-font-size\" style=\"margin-left:0;padding-top:0;padding-right:var(--wp--preset--spacing--20);padding-left:0\">Ich habe diese Website erstellt, um Euch etwas \u00fcber mich zu erz\u00e4hlen. <\/p>\n\n\n\n<p class=\"has-text-align-left has-medium-font-size\" style=\"margin-left:0;padding-top:0;padding-right:var(--wp--preset--spacing--20);padding-left:0\">Ich habe NICHT die Absicht, irgendetwas \u00fcber die Besucher meiner Website in Erfahrung zu bringen. Auch nicht anonymisiert. Es gibt Daten, deren Austausch technologisch notwendig ist, damit das Internet bzw. eine Website funktioniert. Auch diese Daten werden von mir nicht gespeichert. Ich verzichte auf Google Analytics, Skripte von Drittanbietern und Cookies zu Analyse oder Marketingzwecken. <\/p>\n\n\n\n<p class=\"has-text-align-left has-medium-font-size\" style=\"margin-left:0;padding-top:0;padding-right:var(--wp--preset--spacing--20);padding-left:0\">Weil ich mit Typen wie dem auf dem Bild keinen \u00c4rger haben will, nachfolgend das Impressum:<\/p>\n<\/div><\/div>\n\n\n\n<pre class=\"wp-block-preformatted\"><br><br>Impressum<br>Josis Wuff und Wieher Wellness<br><br>Verantwortlich:<br>Josephine Werwer<br>Gladbecker Stra\u00dfe 102<br>46282 Dorsten<br>Tel: 01788096993<br>info@josis-www.de<br><br><br>Disclaimer - rechtliche Hinweise<br><br>Auskunfts- und Widerrufsrecht<br>Sie haben jederzeit das Recht, sich unentgeltlich und unverz\u00fcglich \u00fcber die zu Ihrer Person erhobenen Daten zu erkundigen. Ebenfalls k\u00f6nnen Sie Ihre Zustimmung zur Verwendung Ihrer angegebenen pers\u00f6nlichen Daten mit Wirkung f\u00fcr die Zukunft widerrufen. Hierf\u00fcr wenden Sie sich bitte an den im Impressum angegebenen Diensteanbieter.<br><br>Datenschutz (allgemein)<br>Beim Zugriff auf unsere Webseite werden automatisch allgemeine Informationen (sog. Server-Logfiles) erfasst. Diese beinhalten u.a. den von Ihnen verwendeten Webbrowser sowie Ihr Betriebssystem und Ihren Internet Service Provider. Diese Daten lassen keinerlei R\u00fcckschl\u00fcsse auf Ihre Person zu und werden von uns statistisch ausgewertet, um unseren Internetauftritt technisch und inhaltlich zu verbessern. Das Erfassen dieser Informationen ist notwendig, um den Inhalt der Webseite korrekt ausliefern zu k\u00f6nnen.<br>Die Nutzung der Webseite ist grunds\u00e4tzlich ohne Angabe personenbezogener Daten m\u00f6glich. <br><br>Sofern ein Vertragsverh\u00e4ltnis begr\u00fcndet, inhaltlich ausgestaltet oder ge\u00e4ndert werden soll oder Sie an uns eine Anfrage stellen, erheben und verwenden wir personenbezogene Daten von Ihnen, soweit dies zu diesem Zwecke erforderlich ist (Bestandsdaten). Wir erheben, verarbeiten und nutzen personenbezogene Daten soweit dies erforderlich ist, um Ihnen die Inanspruchnahme des Angebots zu erm\u00f6glichen (Nutzungsdaten). S\u00e4mtliche personenbezogenen Daten werden nur solange gespeichert wie dies f\u00fcr den genannten Zweck (Bearbeitung Ihrer Anfrage oder Abwicklung eines Vertrags) erforderlich ist. Hierbei werden steuer- und handelsrechtliche Aufbewahrungsfristen von uns ber\u00fccksichtigt. Auf Anordnung der zust\u00e4ndigen Stellen m\u00fcssen wir im Einzelfall Auskunft \u00fcber diese Daten (Bestandsdaten) erteilen, soweit dies f\u00fcr Zwecke der Strafverfolgung, zur Gefahrenabwehr, zur Erf\u00fcllung der gesetzlichen Aufgaben der Verfassungsschutzbeh\u00f6rden oder des Milit\u00e4rischen Abschirmdienstes oder zur Durchsetzung der Rechte am geistigen Eigentum erforderlich ist.<br>Wir weisen ausdr\u00fccklich darauf hin, dass die Daten\u00fcbertragung im Internet (z. B. bei der Kommunikation per E-Mail) Sicherheitsl\u00fccken aufweisen kann. Vor dem Zugriff auf Daten kann nicht l\u00fcckenlos gesch\u00fctzt werden.<br>Die Nutzung von im Rahmen der Impressumspflicht ver\u00f6ffentlichten Kontaktdaten durch Dritte zur \u00dcbersendung von nicht ausdr\u00fccklich angeforderter Werbung und Informationsmaterialien wird hiermit ausdr\u00fccklich untersagt. Ausgenommen hiervon sind bestehende Gesch\u00e4ftsbeziehungen bzw. es liegt Ihnen eine entsprechende Einwilligung von uns vor.<br>Die Anbieter und alle auf dieser Website genannten Dritten behalten sich ausdr\u00fccklich rechtliche Schritte im Falle der unverlangten Zusendung von Werbeinformationen vor. Gleiches gilt f\u00fcr die kommerzielle Verwendung und Weitergabe der Daten.<br><br>Disclaimer (Haftungsausschluss)<br><br>1. Haftung f\u00fcr Inhalte<br>Als Diensteanbieter sind wir gem\u00e4\u00df \u00a7 7 Abs. 1 TMG f\u00fcr eigene Inhalte auf diesen Seiten nach den allgemeinen Gesetzen verantwortlich. Nach \u00a7\u00a7 8 bis 10 TMG sind wir als Diensteanbieter jedoch nicht verpflichtet, \u00fcbermittelte oder gespeicherte fremde Informationen zu \u00fcberwachen oder nach Umst\u00e4nden zu forschen, die auf eine rechtswidrige T\u00e4tigkeit hinweisen. Verpflichtungen zur Entfernung oder Sperrung der Nutzung von Informationen nach den allgemeinen Gesetzen bleiben hiervon unber\u00fchrt. Eine diesbez\u00fcgliche Haftung ist jedoch erst ab dem Zeitpunkt der Kenntnis einer konkreten Rechtsverletzung m\u00f6glich. Bei Bekanntwerden von entsprechenden Rechtsverletzungen werden wir diese Inhalte umgehend entfernen.<br><br>2. Haftung f\u00fcr Links<br>Diese Website enth\u00e4lt Links zu externen Webseiten Dritter, auf deren Inhalte kein Einfluss genommen werden kann. Deshalb kann f\u00fcr diese fremden Inhalte auch keine Gew\u00e4hr \u00fcbernommen werden. F\u00fcr die Inhalte der verlinkten Seiten ist stets der jeweilige Anbieter oder Betreiber der Seiten verantwortlich. Die verlinkten Seiten wurden zum Zeitpunkt der Verlinkung auf m\u00f6gliche Rechtsverst\u00f6\u00dfe \u00fcberpr\u00fcft. Rechtswidrige Inhalte waren zum Zeitpunkt der Verlinkung nicht erkennbar. Eine permanente inhaltliche Kontrolle der verlinkten Seiten ist jedoch ohne konkrete Anhaltspunkte einer Rechtsverletzung nicht zumutbar. Bei Bekanntwerden von Rechtsverletzungen werden derartige Links umgehend von dieser Website auf die rechtsverletzende Site entfernen.<br><br>3. Urheberrecht<br>Die durch die Diensteanbieter, deren Mitarbeiter und beauftragte Dritte erstellten Inhalte und Werke auf diesen Seiten unterliegen dem deutschen Urheberrecht. Die Vervielf\u00e4ltigung, Bearbeitung, Verbreitung und jede Art der Verwertung au\u00dferhalb der Grenzen des Urheberrechtes bed\u00fcrfen der vorherigen schriftlichen Zustimmung des jeweiligen Autors bzw. Erstellers. Downloads und Kopien dieser Seite sind nur f\u00fcr den privaten, nicht kommerziellen Gebrauch gestattet. Soweit die Inhalte auf dieser Seite nicht vom Betreiber erstellt wurden, werden die Urheberrechte Dritter beachtet. Insbesondere werden Inhalte Dritter als solche gekennzeichnet. Sollten Sie trotzdem auf eine Urheberrechtsverletzung aufmerksam werden, bitten wir um einen entsprechenden Hinweis. Bei Bekanntwerden von Rechtsverletzungen werden derartige Inhalte umgehend entfernen.<br><br>Dieses Impressum wurde mit Hilfe des Impressum-Generators von HENSCHE Rechtsanw\u00e4lte, K\u00f6ln erstellt.<br><br><\/pre>\n","protected":false},"excerpt":{"rendered":"<p>Ich habe diese Website erstellt, um Euch etwas \u00fcber mich zu erz\u00e4hlen. Ich habe NICHT die Absicht, irgendetwas \u00fcber die Besucher meiner Website in Erfahrung zu bringen. Auch nicht anonymisiert. Es gibt Daten, deren Austausch technologisch notwendig ist, damit das Internet bzw. eine Website funktioniert. Auch diese Daten werden von mir nicht gespeichert. Ich verzichte [&hellip;]<\/p>\n","protected":false},"author":1,"featured_media":0,"parent":0,"menu_order":0,"comment_status":"closed","ping_status":"closed","template":"","meta":{"footnotes":""},"class_list":["post-209","page","type-page","status-publish","hentry"],"_links":{"self":[{"href":"https:\/\/www.josis-www.de\/qayedcs-Josis\/wp-json\/wp\/v2\/pages\/209","targetHints":{"allow":["GET"]}}],"collection":[{"href":"https:\/\/www.josis-www.de\/qayedcs-Josis\/wp-json\/wp\/v2\/pages"}],"about":[{"href":"https:\/\/www.josis-www.de\/qayedcs-Josis\/wp-json\/wp\/v2\/types\/page"}],"author":[{"embeddable":true,"href":"https:\/\/www.josis-www.de\/qayedcs-Josis\/wp-json\/wp\/v2\/users\/1"}],"replies":[{"embeddable":true,"href":"https:\/\/www.josis-www.de\/qayedcs-Josis\/wp-json\/wp\/v2\/comments?post=209"}],"version-history":[{"count":7,"href":"https:\/\/www.josis-www.de\/qayedcs-Josis\/wp-json\/wp\/v2\/pages\/209\/revisions"}],"predecessor-version":[{"id":281,"href":"https:\/\/www.josis-www.de\/qayedcs-Josis\/wp-json\/wp\/v2\/pages\/209\/revisions\/281"}],"wp:attachment":[{"href":"https:\/\/www.josis-www.de\/qayedcs-Josis\/wp-json\/wp\/v2\/media?parent=209"}],"curies":[{"name":"wp","href":"https:\/\/api.w.org\/{rel}","templated":true}]}}