{"id":149,"date":"2024-08-22T11:06:36","date_gmt":"2024-08-22T09:06:36","guid":{"rendered":"https:\/\/www.josis-www.de\/qayedcs-Josis\/?page_id=149"},"modified":"2025-06-26T21:34:16","modified_gmt":"2025-06-26T19:34:16","slug":"physiotherapie","status":"publish","type":"page","link":"https:\/\/www.josis-www.de\/qayedcs-Josis\/physiotherapie\/","title":{"rendered":"Therapien"},"content":{"rendered":"\n<div style=\"height:35px\" aria-hidden=\"true\" class=\"wp-block-spacer\"><\/div>\n\n\n\n<h2 class=\"wp-block-heading\" style=\"padding-left:1.3rem\">Physiotherapie<\/h2>\n\n\n\n<div class=\"wp-block-columns are-vertically-aligned-top is-layout-flex wp-container-core-columns-is-layout-1 wp-block-columns-is-layout-flex\" style=\"padding-left:20px\">\n<div class=\"wp-block-column is-vertically-aligned-top has-global-padding is-content-justification-left is-layout-constrained wp-container-core-column-is-layout-1 wp-block-column-is-layout-constrained\" style=\"flex-basis:300px\">\n<figure class=\"wp-block-image size-large is-resized\" style=\"margin-left:0\"><img loading=\"lazy\" decoding=\"async\" width=\"515\" height=\"1024\" src=\"https:\/\/www.josis-www.de\/qayedcs-Josis\/wp-content\/uploads\/2024\/08\/20240623-DSC00678-scaled-e1724317279381-515x1024.jpg\" alt=\"\" class=\"wp-image-150\" style=\"width:295px;height:auto\" srcset=\"https:\/\/www.josis-www.de\/qayedcs-Josis\/wp-content\/uploads\/2024\/08\/20240623-DSC00678-scaled-e1724317279381-515x1024.jpg 515w, https:\/\/www.josis-www.de\/qayedcs-Josis\/wp-content\/uploads\/2024\/08\/20240623-DSC00678-scaled-e1724317279381-151x300.jpg 151w, https:\/\/www.josis-www.de\/qayedcs-Josis\/wp-content\/uploads\/2024\/08\/20240623-DSC00678-scaled-e1724317279381-768x1526.jpg 768w, https:\/\/www.josis-www.de\/qayedcs-Josis\/wp-content\/uploads\/2024\/08\/20240623-DSC00678-scaled-e1724317279381-773x1536.jpg 773w, https:\/\/www.josis-www.de\/qayedcs-Josis\/wp-content\/uploads\/2024\/08\/20240623-DSC00678-scaled-e1724317279381-1031x2048.jpg 1031w, https:\/\/www.josis-www.de\/qayedcs-Josis\/wp-content\/uploads\/2024\/08\/20240623-DSC00678-scaled-e1724317279381.jpg 1211w\" sizes=\"auto, (max-width: 515px) 100vw, 515px\" \/><\/figure>\n<\/div>\n\n\n\n<div class=\"wp-block-column is-vertically-aligned-top is-layout-flow wp-block-column-is-layout-flow\">\n<p style=\"font-size:clamp(14px, 0.875rem + ((1vw - 3.2px) * 0.882), 20px);\">Die Physiotherapie kann Hunde und Pferde sowohl pr\u00e4ventiv als auch in der Rehabilitationsphase unterst\u00fctzen. Bei unseren vierbeinigen Freunden ist vor allem eine gut ausgebildete Muskulatur wichtig f\u00fcr eine langanhaltende Fitness. Au\u00dferdem sch\u00fctzt sie vor Verletzungen und sorgt besonders im Alter daf\u00fcr, dass die Mobilit\u00e4t lange erhalten bleibt. In der Physiotherapie arbeite ich deswegen an einem gezielten Muskelaufbau und \u00fcberpr\u00fcfe regelm\u00e4\u00dfig die Muskulatur und Mobilit\u00e4t in der Bewegung. Mein oberstes Ziel dabei ist immer die Schmerzlinderung.<\/p>\n\n\n\n<p style=\"font-size:clamp(14px, 0.875rem + ((1vw - 3.2px) * 0.882), 20px);\">Im Rehabilitationsprozess unterst\u00fctze ich den Heilungsprozess verschiedener Verletzungen oder nach Operationen. Gerade im Bereich der Arthrose ist es wichtig, die \u00fcberbeanspruchte Muskulatur zu lockern und durch gezielten Muskelaufbau zu unterst\u00fctzen. So kann ich daf\u00fcr sorgen, dass die Mobilit\u00e4t des Tieres bestm\u00f6glich erhalten bleibt.<\/p>\n\n\n\n<p style=\"font-size:clamp(14px, 0.875rem + ((1vw - 3.2px) * 0.882), 20px);\">Durch manuelle Therapien wie zum Beispiel Massagen, Mobilisationen und Dehnungen gelingt es mir, einen nat\u00fcrlichen Bewegungsablauf wiederherzustellen.<\/p>\n\n\n\n<p style=\"font-size:clamp(14px, 0.875rem + ((1vw - 3.2px) * 0.882), 20px);\">Wenn du dich jetzt fragst, ob auch dein Hund oder Pferd von physiotherapeutischen Behandlungen profitieren kann oder du den Rat schon von deinem Tierarzt bekommen hast, dann melde dich doch gerne bei mir.<\/p>\n<\/div>\n<\/div>\n\n\n\n<p class=\"has-accent-color has-text-color has-link-color wp-elements-4c55a6ecf3190b979ea6239ba15d6219\"><\/p>\n\n\n\n<div style=\"height:41px\" aria-hidden=\"true\" class=\"wp-block-spacer\"><\/div>\n\n\n\n<hr class=\"wp-block-separator has-alpha-channel-opacity\"\/>\n\n\n\n<div style=\"height:73px\" aria-hidden=\"true\" class=\"wp-block-spacer\"><\/div>\n\n\n\n<h2 class=\"wp-block-heading\" style=\"border-style:none;border-width:0px;border-radius:0px;margin-top:0;margin-right:var(--wp--preset--spacing--10);margin-bottom:0;margin-left:var(--wp--preset--spacing--10)\">Osteopathie<\/h2>\n\n\n\n<p style=\"border-style:none;border-width:0px;margin-right:var(--wp--preset--spacing--10);margin-left:var(--wp--preset--spacing--10);font-size:clamp(0.875rem, 0.875rem + ((1vw - 0.2rem) * 1), 1.3rem);\">Tierosteopathie \u2013 Eine ganzheitliche Erg\u00e4nzung zu meiner physiotherapeutischen Arbeit<\/p>\n\n\n\n<p style=\"border-style:none;border-width:0px;margin-right:var(--wp--preset--spacing--10);margin-left:var(--wp--preset--spacing--10);font-size:clamp(0.875rem, 0.875rem + ((1vw - 0.2rem) * 1), 1.3rem);\">Um die Gesundheit und das Wohlbefinden Ihrer Tiere noch umfassender zu f\u00f6rdern, biete ich auch Tierosteopathie an. Diese sanfte, ganzheitliche Behandlungsmethode erg\u00e4nzt meine physiotherapeutische Arbeit ideal und erm\u00f6glicht es mir, individuell auf die Bed\u00fcrfnisse Ihres Tieres einzugehen.<\/p>\n\n\n\n<p style=\"border-style:none;border-width:0px;margin-right:var(--wp--preset--spacing--10);margin-left:var(--wp--preset--spacing--10);font-size:clamp(0.875rem, 0.875rem + ((1vw - 0.2rem) * 1), 1.3rem);\">Die Tierosteopathie betrachtet den K\u00f6rper als ein zusammenh\u00e4ngendes System. Durch gezielte manuelle Techniken werden Blockaden, Spannungen und Dysbalancen erkannt und behutsam gel\u00f6st. So k\u00f6nnen Schmerzen gelindert, die Beweglichkeit verbessert und die Selbstheilungskr\u00e4fte aktiviert werden.<\/p>\n\n\n\n<p style=\"margin-right:var(--wp--preset--spacing--10);margin-left:var(--wp--preset--spacing--10);font-size:clamp(0.875rem, 0.875rem + ((1vw - 0.2rem) * 1), 1.3rem);\">F\u00fcr den Hund habe ich bereits alle Ausbildungsinhalte erfolgreich abgeschlossen und werde voraussichtlich im September zertifiziert. Die Lerninhalte f\u00fcr das Pferd folgen bis April 2026, und auch hier strebe ich eine schnelle Zertifizierung an, um Ihnen noch mehr Kompetenz und Sicherheit bieten zu k\u00f6nnen.<\/p>\n\n\n\n<p style=\"border-style:none;border-width:0px;margin-right:var(--wp--preset--spacing--10);margin-left:var(--wp--preset--spacing--10);font-size:clamp(0.875rem, 0.875rem + ((1vw - 0.2rem) * 1), 1.3rem);\">Mit der Tierosteopathie erweitere ich mein Angebot. Ziel ist es, die Gesundheit ganzheitlich zu f\u00f6rdern und die Lebensqualit\u00e4t Ihres Tieres nachhaltig zu verbessern.<\/p>\n\n\n\n<p style=\"margin-right:var(--wp--preset--spacing--10);margin-left:var(--wp--preset--spacing--10);font-size:clamp(0.875rem, 0.875rem + ((1vw - 0.2rem) * 1), 1.3rem);\">Gerne berate ich Sie pers\u00f6nlich, wie die Tierosteopathie Ihrem Tier helfen kann.<\/p>\n\n\n\n<p><\/p>\n","protected":false},"excerpt":{"rendered":"<p>Physiotherapie Die Physiotherapie kann Hunde und Pferde sowohl pr\u00e4ventiv als auch in der Rehabilitationsphase unterst\u00fctzen. Bei unseren vierbeinigen Freunden ist vor allem eine gut ausgebildete Muskulatur wichtig f\u00fcr eine langanhaltende Fitness. Au\u00dferdem sch\u00fctzt sie vor Verletzungen und sorgt besonders im Alter daf\u00fcr, dass die Mobilit\u00e4t lange erhalten bleibt. In der Physiotherapie arbeite ich deswegen an [&hellip;]<\/p>\n","protected":false},"author":1,"featured_media":0,"parent":0,"menu_order":0,"comment_status":"closed","ping_status":"closed","template":"","meta":{"footnotes":""},"class_list":["post-149","page","type-page","status-publish","hentry"],"_links":{"self":[{"href":"https:\/\/www.josis-www.de\/qayedcs-Josis\/wp-json\/wp\/v2\/pages\/149","targetHints":{"allow":["GET"]}}],"collection":[{"href":"https:\/\/www.josis-www.de\/qayedcs-Josis\/wp-json\/wp\/v2\/pages"}],"about":[{"href":"https:\/\/www.josis-www.de\/qayedcs-Josis\/wp-json\/wp\/v2\/types\/page"}],"author":[{"embeddable":true,"href":"https:\/\/www.josis-www.de\/qayedcs-Josis\/wp-json\/wp\/v2\/users\/1"}],"replies":[{"embeddable":true,"href":"https:\/\/www.josis-www.de\/qayedcs-Josis\/wp-json\/wp\/v2\/comments?post=149"}],"version-history":[{"count":22,"href":"https:\/\/www.josis-www.de\/qayedcs-Josis\/wp-json\/wp\/v2\/pages\/149\/revisions"}],"predecessor-version":[{"id":264,"href":"https:\/\/www.josis-www.de\/qayedcs-Josis\/wp-json\/wp\/v2\/pages\/149\/revisions\/264"}],"wp:attachment":[{"href":"https:\/\/www.josis-www.de\/qayedcs-Josis\/wp-json\/wp\/v2\/media?parent=149"}],"curies":[{"name":"wp","href":"https:\/\/api.w.org\/{rel}","templated":true}]}}