{"id":123,"date":"2024-08-22T10:43:05","date_gmt":"2024-08-22T08:43:05","guid":{"rendered":"https:\/\/www.josis-www.de\/qayedcs-Josis\/?page_id=123"},"modified":"2025-06-26T21:12:31","modified_gmt":"2025-06-26T19:12:31","slug":"das-bin-ich","status":"publish","type":"page","link":"https:\/\/www.josis-www.de\/qayedcs-Josis\/das-bin-ich\/","title":{"rendered":"Das bin ich&#8230;"},"content":{"rendered":"\n<h2 class=\"wp-block-heading has-text-align-left\" style=\"padding-left:1.6rem;font-size:clamp(28.836px, 1.802rem + ((1vw - 3.2px) * 3.112), 50px);\">Das bin ich&#8230;<\/h2>\n\n\n\n<div class=\"wp-block-media-text is-stacked-on-mobile is-vertically-aligned-top\" style=\"padding-top:0;padding-right:0;padding-left:var(--wp--preset--spacing--20);grid-template-columns:27% auto\"><figure class=\"wp-block-media-text__media\"><img loading=\"lazy\" decoding=\"async\" width=\"559\" height=\"1024\" src=\"https:\/\/www.josis-www.de\/qayedcs-Josis\/wp-content\/uploads\/2024\/08\/D3A9759-2-scaled-e1724315532779-559x1024.jpg\" alt=\"\" class=\"wp-image-141 size-large\" srcset=\"https:\/\/www.josis-www.de\/qayedcs-Josis\/wp-content\/uploads\/2024\/08\/D3A9759-2-scaled-e1724315532779-559x1024.jpg 559w, https:\/\/www.josis-www.de\/qayedcs-Josis\/wp-content\/uploads\/2024\/08\/D3A9759-2-scaled-e1724315532779-164x300.jpg 164w, https:\/\/www.josis-www.de\/qayedcs-Josis\/wp-content\/uploads\/2024\/08\/D3A9759-2-scaled-e1724315532779-768x1406.jpg 768w, https:\/\/www.josis-www.de\/qayedcs-Josis\/wp-content\/uploads\/2024\/08\/D3A9759-2-scaled-e1724315532779-839x1536.jpg 839w, https:\/\/www.josis-www.de\/qayedcs-Josis\/wp-content\/uploads\/2024\/08\/D3A9759-2-scaled-e1724315532779.jpg 1053w\" sizes=\"auto, (max-width: 559px) 100vw, 559px\" \/><\/figure><div class=\"wp-block-media-text__content\">\n<p style=\"padding-right:0;padding-left:0;font-size:clamp(14px, 0.875rem + ((1vw - 3.2px) * 0.735), 19px);\">Hallo,<\/p>\n\n\n\n<p style=\"padding-right:0;padding-left:0;font-size:clamp(14px, 0.875rem + ((1vw - 3.2px) * 0.735), 19px);\">ich bin Josephine Werwer und ich arbeite seit 10 Jahren als Erzieherin. Hier ist es meine Aufgabe, Kinder in ihrer Entwicklung zu f\u00f6rdern und zu begleiten. <\/p>\n\n\n\n<p style=\"padding-right:0;padding-left:0;font-size:clamp(14px, 0.875rem + ((1vw - 3.2px) * 0.735), 19px);\">Im Laufe der Jahre wurde mir allerdings immer bewusster, dass es die Arbeit mit Tieren ist, die mich wirklich erf\u00fcllt. Hunde und Pferde spielten im meinem Leben schon immer eine wichtige Rolle. <\/p>\n\n\n\n<p style=\"padding-right:0;padding-left:0;font-size:clamp(14px, 0.875rem + ((1vw - 3.2px) * 0.735), 19px);\">Der Wunsch mich noch einmal neu ausbilden zu lassen und mich weiterzuentwickeln wurde immer gr\u00f6\u00dfer. So entschied ich mich im Jahr 2022 dazu, die Ausbildung zur Tierphysiotherapeutin an der Akademie f\u00fcr Tierheilkunde und Tierphysiotherapie (ATM) zu beginnen. Nun, nach erfolgreich abgeschlossener Ausbildung im April 2024, ist es mir m\u00f6glich mein neu erlerntes Wissen in der Praxis umzusetzen und euren Tieren in ein schmerzfreies und mobiles Leben zu verhelfen. <\/p>\n\n\n\n<p style=\"padding-right:0;padding-left:0;font-size:clamp(14px, 0.875rem + ((1vw - 3.2px) * 0.735), 19px);\">Mir selbst habe ich es dadurch erm\u00f6glicht meine Leidenschaft zum Beruf zu machen. Meine n\u00e4chste Ausbildung zur Tierosteopathin habe ich bereits begonnen und ich freue mich schon sehr auf den neuen Input. Die weitere Ausbildung erm\u00f6glicht es mir, meine Arbeit noch ganzheitlicher gestalten zu k\u00f6nnen.<\/p>\n<\/div><\/div>\n","protected":false},"excerpt":{"rendered":"<p>Das bin ich&#8230; Hallo, ich bin Josephine Werwer und ich arbeite seit 10 Jahren als Erzieherin. Hier ist es meine Aufgabe, Kinder in ihrer Entwicklung zu f\u00f6rdern und zu begleiten. Im Laufe der Jahre wurde mir allerdings immer bewusster, dass es die Arbeit mit Tieren ist, die mich wirklich erf\u00fcllt. Hunde und Pferde spielten im [&hellip;]<\/p>\n","protected":false},"author":1,"featured_media":0,"parent":0,"menu_order":0,"comment_status":"closed","ping_status":"closed","template":"","meta":{"footnotes":""},"class_list":["post-123","page","type-page","status-publish","hentry"],"_links":{"self":[{"href":"https:\/\/www.josis-www.de\/qayedcs-Josis\/wp-json\/wp\/v2\/pages\/123","targetHints":{"allow":["GET"]}}],"collection":[{"href":"https:\/\/www.josis-www.de\/qayedcs-Josis\/wp-json\/wp\/v2\/pages"}],"about":[{"href":"https:\/\/www.josis-www.de\/qayedcs-Josis\/wp-json\/wp\/v2\/types\/page"}],"author":[{"embeddable":true,"href":"https:\/\/www.josis-www.de\/qayedcs-Josis\/wp-json\/wp\/v2\/users\/1"}],"replies":[{"embeddable":true,"href":"https:\/\/www.josis-www.de\/qayedcs-Josis\/wp-json\/wp\/v2\/comments?post=123"}],"version-history":[{"count":12,"href":"https:\/\/www.josis-www.de\/qayedcs-Josis\/wp-json\/wp\/v2\/pages\/123\/revisions"}],"predecessor-version":[{"id":246,"href":"https:\/\/www.josis-www.de\/qayedcs-Josis\/wp-json\/wp\/v2\/pages\/123\/revisions\/246"}],"wp:attachment":[{"href":"https:\/\/www.josis-www.de\/qayedcs-Josis\/wp-json\/wp\/v2\/media?parent=123"}],"curies":[{"name":"wp","href":"https:\/\/api.w.org\/{rel}","templated":true}]}}